{"id":171,"date":"2020-11-10T14:49:11","date_gmt":"2020-11-10T13:49:11","guid":{"rendered":"https:\/\/popcorn-english.com\/?page_id=171"},"modified":"2022-06-13T23:07:17","modified_gmt":"2022-06-13T21:07:17","slug":"il-metodo-jolly-phonics","status":"publish","type":"page","link":"https:\/\/popcorn-english.com\/it\/il-metodo\/il-metodo-jolly-phonics\/","title":{"rendered":"Jolly Phonics"},"content":{"rendered":"<p>Secondo molti studi accademici e ricerche il progresso dei bambini che utilizzano Jolly Phonics supera di gran lunga quello degli altri studenti. Questo vale per madrelingua inglesi e non. Oggi sono pi\u00f9 di 100 i Paesi del mondo che lo utilizzano.<\/p>\n<h2>Cos&#8217;\u00e8?<\/h2>\n<p>Adottato nelle scuole inglesi e americane gi\u00e0 dagli anni 70, Jolly Phonics offre un programma scolastico completo e copre 7 anni di insegnamento.<\/p>\n<h2>Come funziona?<\/h2>\n<p><strong>Bambini 2 \u2013 5 anni:<\/strong><\/p>\n<p>Si parte dai suoni pi\u00f9 semplici e si arriva ai pi\u00f9 complessi. Si impara una nuova lingua in modo sensoriale: giocando, cantando e muovendo mani e corpo.<\/p>\n<p>Ci sono 42 suoni (non spaventarti, i bambini imparano molto pi\u00f9 in fretta di noi!). Questi vengono insegnati secondo un ordine diverso, non seguono l&#8217;alfabeto. I primi sei suoni sono s, a, t, i, p, n. Questi sei suoni formano parole di tre lettere pi\u00f9 semplici di qualsiasi altre sei lettere combinate. Per esempio: sit, sat, pin, pan, tip, tap e&#8230; nap (pisolino!)<\/p>\n<p><strong>Bambini 6 \u2013 10 anni:<\/strong><\/p>\n<p>A 6 anni i bambini imparano la struttura di base della frase e scrivono le prime frasi complete. Pi\u00f9 avanti vengono insegnati anche i concetti fondamentali della grammatica e della punteggiatura: si inizia con semplici definizioni adatte all&#8217;et\u00e0 e si segue uno sviluppo graduale.<\/p>\n<p>Grazie alla continuit\u00e0 dell&#8217;insegnamento multisensoriale con azioni e codificazioni a colori, i bambini ricevono gli strumenti di cui hanno bisogno per parlare, leggere e scrivere autonomamente ci\u00f2 che desiderano.<\/p>\n<p>Vorresti saperne di pi\u00f9? Scrivimi o contattami. <span style=\"font-weight: 400; color: #000000;\"><span style=\"color: #ff6600;\"><a style=\"color: #ff6600;\" href=\"https:\/\/popcorn-english.com\/it\/contatti\"><strong>Clicca qui<\/strong><\/a><\/span><\/span><\/p>\n<p><img loading=\"lazy\" class=\"alignnone size-full wp-image-489\" src=\"https:\/\/popcorn-english.com\/wp-content\/uploads\/2020\/12\/IMG_1571-e1607270923117.jpg\" alt=\"\" width=\"750\" height=\"600\" \/><\/p>\n<h4><\/h4>\n","protected":false},"excerpt":{"rendered":"<p>Secondo molti studi accademici e ricerche il progresso dei bambini che utilizzano Jolly Phonics supera di gran lunga quello degli altri studenti. Questo vale per madrelingua inglesi e non. Oggi sono pi\u00f9 di 100 i Paesi del mondo che lo utilizzano. Cos&#8217;\u00e8? Adottato nelle scuole inglesi e americane gi\u00e0 dagli anni 70, Jolly Phonics offre [&hellip;]<\/p>\n","protected":false},"author":1,"featured_media":0,"parent":157,"menu_order":0,"comment_status":"closed","ping_status":"closed","template":"","meta":[],"yoast_head":"<!-- This site is optimized with the Yoast SEO plugin v15.2.1 - https:\/\/yoast.com\/wordpress\/plugins\/seo\/ -->\n<title>Jolly Phonics | Pop Corn English<\/title>\n<meta name=\"robots\" content=\"index, follow, max-snippet:-1, max-image-preview:large, max-video-preview:-1\" \/>\n<link rel=\"canonical\" href=\"https:\/\/popcorn-english.com\/it\/il-metodo\/il-metodo-jolly-phonics\/\" \/>\n<meta property=\"og:locale\" content=\"it_IT\" \/>\n<meta property=\"og:type\" content=\"article\" \/>\n<meta property=\"og:title\" content=\"Jolly Phonics | Pop Corn English\" \/>\n<meta property=\"og:description\" content=\"Secondo molti studi accademici e ricerche il progresso dei bambini che utilizzano Jolly Phonics supera di gran lunga quello degli altri studenti. Questo vale per madrelingua inglesi e non. Oggi sono pi\u00f9 di 100 i Paesi del mondo che lo utilizzano. Cos&#8217;\u00e8? Adottato nelle scuole inglesi e americane gi\u00e0 dagli anni 70, Jolly Phonics offre [&hellip;]\" \/>\n<meta property=\"og:url\" content=\"https:\/\/popcorn-english.com\/it\/il-metodo\/il-metodo-jolly-phonics\/\" \/>\n<meta property=\"og:site_name\" content=\"Pop Corn English\" \/>\n<meta property=\"article:modified_time\" content=\"2022-06-13T21:07:17+00:00\" \/>\n<meta property=\"og:image\" content=\"https:\/\/popcorn-english.com\/wp-content\/uploads\/2020\/12\/IMG_1571-e1607270923117.jpg\" \/>\n<meta name=\"twitter:card\" content=\"summary_large_image\" \/>\n<meta name=\"twitter:label1\" content=\"Scritto da\">\n\t<meta name=\"twitter:data1\" content=\"Simone Nolgo\">\n\t<meta name=\"twitter:label2\" content=\"Tempo di lettura stimato\">\n\t<meta name=\"twitter:data2\" content=\"1 minuto\">\n<script type=\"application\/ld+json\" class=\"yoast-schema-graph\">{\"@context\":\"https:\/\/schema.org\",\"@graph\":[{\"@type\":\"WebSite\",\"@id\":\"https:\/\/popcorn-english.com\/it\/#website\",\"url\":\"https:\/\/popcorn-english.com\/it\/\",\"name\":\"Popcorn English\",\"description\":\"Lezioni per bambini, adulti e aziende. Camp estivi e gite alla scoperta del Ticino. Servizio di babysitting didattico, doposcuola\\u2026 e tanto altro!\",\"potentialAction\":[{\"@type\":\"SearchAction\",\"target\":\"https:\/\/popcorn-english.com\/it\/?s={search_term_string}\",\"query-input\":\"required name=search_term_string\"}],\"inLanguage\":\"it-IT\"},{\"@type\":\"ImageObject\",\"@id\":\"https:\/\/popcorn-english.com\/it\/il-metodo\/il-metodo-jolly-phonics\/#primaryimage\",\"inLanguage\":\"it-IT\",\"url\":\"https:\/\/popcorn-english.com\/wp-content\/uploads\/2020\/12\/IMG_1571-e1607270923117.jpg\",\"width\":750,\"height\":729},{\"@type\":\"WebPage\",\"@id\":\"https:\/\/popcorn-english.com\/it\/il-metodo\/il-metodo-jolly-phonics\/#webpage\",\"url\":\"https:\/\/popcorn-english.com\/it\/il-metodo\/il-metodo-jolly-phonics\/\",\"name\":\"Jolly Phonics | Pop Corn English\",\"isPartOf\":{\"@id\":\"https:\/\/popcorn-english.com\/it\/#website\"},\"primaryImageOfPage\":{\"@id\":\"https:\/\/popcorn-english.com\/it\/il-metodo\/il-metodo-jolly-phonics\/#primaryimage\"},\"datePublished\":\"2020-11-10T13:49:11+00:00\",\"dateModified\":\"2022-06-13T21:07:17+00:00\",\"inLanguage\":\"it-IT\",\"potentialAction\":[{\"@type\":\"ReadAction\",\"target\":[\"https:\/\/popcorn-english.com\/it\/il-metodo\/il-metodo-jolly-phonics\/\"]}]}]}<\/script>\n<!-- \/ Yoast SEO plugin. -->","_links":{"self":[{"href":"https:\/\/popcorn-english.com\/it\/wp-json\/wp\/v2\/pages\/171\/"}],"collection":[{"href":"https:\/\/popcorn-english.com\/it\/wp-json\/wp\/v2\/pages\/"}],"about":[{"href":"https:\/\/popcorn-english.com\/it\/wp-json\/wp\/v2\/types\/page\/"}],"author":[{"embeddable":true,"href":"https:\/\/popcorn-english.com\/it\/wp-json\/wp\/v2\/users\/1\/"}],"replies":[{"embeddable":true,"href":"https:\/\/popcorn-english.com\/it\/wp-json\/wp\/v2\/comments\/?post=171"}],"version-history":[{"count":29,"href":"https:\/\/popcorn-english.com\/it\/wp-json\/wp\/v2\/pages\/171\/revisions\/"}],"predecessor-version":[{"id":1605,"href":"https:\/\/popcorn-english.com\/it\/wp-json\/wp\/v2\/pages\/171\/revisions\/1605\/"}],"up":[{"embeddable":true,"href":"https:\/\/popcorn-english.com\/it\/wp-json\/wp\/v2\/pages\/157\/"}],"wp:attachment":[{"href":"https:\/\/popcorn-english.com\/it\/wp-json\/wp\/v2\/media\/?parent=171"}],"curies":[{"name":"wp","href":"https:\/\/api.w.org\/{rel}","templated":true}]}}