{"id":176,"date":"2020-11-10T14:52:15","date_gmt":"2020-11-10T13:52:15","guid":{"rendered":"https:\/\/popcorn-english.com\/?page_id=176"},"modified":"2021-04-05T13:30:23","modified_gmt":"2021-04-05T11:30:23","slug":"popcorn-english","status":"publish","type":"page","link":"https:\/\/popcorn-english.com\/it\/il-metodo\/popcorn-english\/","title":{"rendered":"Popcorn English"},"content":{"rendered":"<div>\n<p>Impariamo l&#8217;inglese per motivi diversi: per viaggiare, per lavoro, per guardare Netflix senza sottotitoli (o per saper leggere i sottotitoli), per riscoprire il piacere di comunicare in una lingua straniera.<\/p>\n<p>L&#8217;aspetto pi\u00f9 importante \u00e8 senz&#8217;altro capire subito qual \u00e8 la tua motivazione e quali sono i tuoi obiettivi. Ecco perch\u00e9 ti offriamo un primo incontro e assessment di 30 minuti gratuito e senza impegno (face-to-face oppure su Zoom).<\/p>\n<\/div>\n<h2>Come procediamo?<\/h2>\n<div>\n<p>Gli insegnanti Popcorn English offrono un programma di lezioni <em>tailor made<\/em> a seconda dei tuoi obiettivi, del tempo che puoi dedicare allo studio e del tuo livello di partenza (beginner, elementary, intermediate, advanced).<\/p>\n<\/div>\n<p>Se per esempio il tuo focus \u00e8 essere in grado di tenere una conversazione in inglese con dei clienti, l&#8217;aspetto centrale delle lezioni non sar\u00e0 studiare a memoria i verbi irregolari, bens\u00ec:<\/p>\n<ul>\n<li>sapere come impostare una conversazione<\/li>\n<li>conoscere i phrasal verbs essenziali per rendere la conversazione fluida e piacevole<\/li>\n<li>imparare quali espressioni usano gli inglesi, gli americani o gli australiani<\/li>\n<\/ul>\n<p>I corsi possono essere individuali o di gruppo e svolgersi <strong>in presenza oppure online <\/strong>nel rispetto delle normative vigenti in tema di distanziamento sociale.<\/p>\n<div>\n<h2>Quali risorse utilizziamo?<\/h2>\n<p>English File <strong><a href=\"https:\/\/elt.oup.com\/student\/englishfile\/?cc=ch&amp;selLanguage=en\" target=\"_blank\" rel=\"noopener\"><span style=\"color: #000000;\">(Oxford)<\/span><\/a><\/strong><\/p>\n<p>Market Leader <span style=\"color: #000000;\"><a style=\"color: #000000;\" href=\"https:\/\/www.pearson.com\/english\/catalogue\/business-english\/market-leader.html\" target=\"_blank\" rel=\"noopener\"><strong>(Pearson)<\/strong><\/a><\/span><\/p>\n<p>Fun for Starters, Movers and Flyers <span style=\"color: #000000;\"><a style=\"color: #000000;\" href=\"https:\/\/www.cambridge.org\/gb\/cambridgeenglish\/catalog\/cambridge-english-exams-ielts\/fun-starters-movers-and-flyers-4th-edition\" target=\"_blank\" rel=\"noopener\"><strong>(Cambridge)<\/strong><\/a><\/span><\/p>\n<p>Articoli dalla rivista <span style=\"color: #000000;\"><a style=\"color: #000000;\" href=\"https:\/\/www.forbes.com\/?sh=591383942254\" target=\"_blank\" rel=\"noopener\"><strong>Forbes<\/strong><\/a><\/span><\/p>\n<p>Articoli di <strong><span style=\"color: #000000;\"><a style=\"color: #000000;\" href=\"https:\/\/www.nationalgeographic.com\/\" target=\"_blank\" rel=\"noopener\">National Geographic<\/a><\/span><\/strong><\/p>\n<\/div>\n<p>&nbsp;<\/p>\n<p>Vorresti saperne di pi\u00f9? <span style=\"color: #ff6600;\"><a style=\"color: #ff6600;\" href=\"https:\/\/popcorn-english.com\/it\/contatti\"><strong>Clicca qui.<\/strong><\/a><\/span><\/p>\n","protected":false},"excerpt":{"rendered":"<p>Impariamo l&#8217;inglese per motivi diversi: per viaggiare, per lavoro, per guardare Netflix senza sottotitoli (o per saper leggere i sottotitoli), per riscoprire il piacere di comunicare in una lingua straniera. L&#8217;aspetto pi\u00f9 importante \u00e8 senz&#8217;altro capire subito qual \u00e8 la tua motivazione e quali sono i tuoi obiettivi. Ecco perch\u00e9 ti offriamo un primo incontro [&hellip;]<\/p>\n","protected":false},"author":1,"featured_media":0,"parent":157,"menu_order":0,"comment_status":"closed","ping_status":"closed","template":"","meta":[],"yoast_head":"<!-- This site is optimized with the Yoast SEO plugin v15.2.1 - https:\/\/yoast.com\/wordpress\/plugins\/seo\/ -->\n<title>Popcorn English | Pop Corn English<\/title>\n<meta name=\"robots\" content=\"index, follow, max-snippet:-1, max-image-preview:large, max-video-preview:-1\" \/>\n<link rel=\"canonical\" href=\"https:\/\/popcorn-english.com\/it\/il-metodo\/popcorn-english\/\" \/>\n<meta property=\"og:locale\" content=\"it_IT\" \/>\n<meta property=\"og:type\" content=\"article\" \/>\n<meta property=\"og:title\" content=\"Popcorn English | Pop Corn English\" \/>\n<meta property=\"og:description\" content=\"Impariamo l&#8217;inglese per motivi diversi: per viaggiare, per lavoro, per guardare Netflix senza sottotitoli (o per saper leggere i sottotitoli), per riscoprire il piacere di comunicare in una lingua straniera. L&#8217;aspetto pi\u00f9 importante \u00e8 senz&#8217;altro capire subito qual \u00e8 la tua motivazione e quali sono i tuoi obiettivi. Ecco perch\u00e9 ti offriamo un primo incontro [&hellip;]\" \/>\n<meta property=\"og:url\" content=\"https:\/\/popcorn-english.com\/it\/il-metodo\/popcorn-english\/\" \/>\n<meta property=\"og:site_name\" content=\"Pop Corn English\" \/>\n<meta property=\"article:modified_time\" content=\"2021-04-05T11:30:23+00:00\" \/>\n<meta name=\"twitter:card\" content=\"summary_large_image\" \/>\n<meta name=\"twitter:label1\" content=\"Scritto da\">\n\t<meta name=\"twitter:data1\" content=\"Simone Nolgo\">\n\t<meta name=\"twitter:label2\" content=\"Tempo di lettura stimato\">\n\t<meta name=\"twitter:data2\" content=\"1 minuto\">\n<script type=\"application\/ld+json\" class=\"yoast-schema-graph\">{\"@context\":\"https:\/\/schema.org\",\"@graph\":[{\"@type\":\"WebSite\",\"@id\":\"https:\/\/popcorn-english.com\/it\/#website\",\"url\":\"https:\/\/popcorn-english.com\/it\/\",\"name\":\"Popcorn English\",\"description\":\"Lezioni per bambini, adulti e aziende. Camp estivi e gite alla scoperta del Ticino. Servizio di babysitting didattico, doposcuola\\u2026 e tanto altro!\",\"potentialAction\":[{\"@type\":\"SearchAction\",\"target\":\"https:\/\/popcorn-english.com\/it\/?s={search_term_string}\",\"query-input\":\"required name=search_term_string\"}],\"inLanguage\":\"it-IT\"},{\"@type\":\"WebPage\",\"@id\":\"https:\/\/popcorn-english.com\/it\/il-metodo\/popcorn-english\/#webpage\",\"url\":\"https:\/\/popcorn-english.com\/it\/il-metodo\/popcorn-english\/\",\"name\":\"Popcorn English | Pop Corn English\",\"isPartOf\":{\"@id\":\"https:\/\/popcorn-english.com\/it\/#website\"},\"datePublished\":\"2020-11-10T13:52:15+00:00\",\"dateModified\":\"2021-04-05T11:30:23+00:00\",\"inLanguage\":\"it-IT\",\"potentialAction\":[{\"@type\":\"ReadAction\",\"target\":[\"https:\/\/popcorn-english.com\/it\/il-metodo\/popcorn-english\/\"]}]}]}<\/script>\n<!-- \/ Yoast SEO plugin. -->","_links":{"self":[{"href":"https:\/\/popcorn-english.com\/it\/wp-json\/wp\/v2\/pages\/176\/"}],"collection":[{"href":"https:\/\/popcorn-english.com\/it\/wp-json\/wp\/v2\/pages\/"}],"about":[{"href":"https:\/\/popcorn-english.com\/it\/wp-json\/wp\/v2\/types\/page\/"}],"author":[{"embeddable":true,"href":"https:\/\/popcorn-english.com\/it\/wp-json\/wp\/v2\/users\/1\/"}],"replies":[{"embeddable":true,"href":"https:\/\/popcorn-english.com\/it\/wp-json\/wp\/v2\/comments\/?post=176"}],"version-history":[{"count":20,"href":"https:\/\/popcorn-english.com\/it\/wp-json\/wp\/v2\/pages\/176\/revisions\/"}],"predecessor-version":[{"id":1243,"href":"https:\/\/popcorn-english.com\/it\/wp-json\/wp\/v2\/pages\/176\/revisions\/1243\/"}],"up":[{"embeddable":true,"href":"https:\/\/popcorn-english.com\/it\/wp-json\/wp\/v2\/pages\/157\/"}],"wp:attachment":[{"href":"https:\/\/popcorn-english.com\/it\/wp-json\/wp\/v2\/media\/?parent=176"}],"curies":[{"name":"wp","href":"https:\/\/api.w.org\/{rel}","templated":true}]}}