{"id":393,"date":"2020-11-23T18:39:59","date_gmt":"2020-11-23T17:39:59","guid":{"rendered":"https:\/\/popcorn-english.com\/?page_id=393"},"modified":"2025-03-26T14:38:42","modified_gmt":"2025-03-26T13:38:42","slug":"popcornenglish-camp","status":"publish","type":"page","link":"https:\/\/popcorn-english.com\/it\/cosa-facciamo\/popcornenglish-camp\/","title":{"rendered":"Popcorn English Camp"},"content":{"rendered":"<div>\n<div>Popcorn English: learn, grow, share<\/div>\n<\/div>\n<div><\/div>\n<div><\/div>\n<div>\n<div><strong>Cos&#8217;\u00e8 importante per noi?<\/strong><\/div>\n<\/div>\n<div><\/div>\n<div><\/div>\n<div>\n<div>&#8211; la crescita personale<\/div>\n<div>&#8211; il <strong>rispetto reciproco<\/strong> e della diversit\u00e0<br \/>\n&#8211; la consapevolezza ambientale<\/div>\n<div>&#8211; lo sviluppo delle capacit\u00e0 collaborative: <strong>aiutare gli altri<\/strong>!<\/div>\n<div>&#8211; il consolidamento dell&#8217;<strong>autostima<\/strong> e della<strong> fiducia<\/strong> nelle proprie potenzialit\u00e0<\/div>\n<\/div>\n<div><\/div>\n<div><\/div>\n<div>\n<div><strong>Durante le giornate di camp potrai:<\/strong><\/div>\n<div><\/div>\n<div>&#8211; fare nuove amicizie<\/div>\n<div>&#8211; partecipare alle <strong>lezioni di inglese<\/strong> con schede didattiche pensate per imparare qualcosa di nuovo&#8230;in English!<\/div>\n<div>&#8211; trascorrere momenti in <strong>piscina<\/strong> o al museo<\/div>\n<div>&#8211; passeggiare nel bosco o in citt\u00e0<\/div>\n<div>&#8211; fare attivit\u00e0 <strong>creative<\/strong><\/div>\n<div>&#8230;attivit\u00e0 didattiche e momenti di <strong>gioco<\/strong> e <strong>divertimento<\/strong>!<\/div>\n<\/div>\n<div><\/div>\n<div><\/div>\n<div>\n<h3><span style=\"color: #ff6600;\"><a style=\"color: #ff6600;\" href=\"https:\/\/popcorn-english.com\/it\/eventi\/\">Clicca qui per scoprire tutti gli eventi in programma<\/a><\/span><\/h3>\n<\/div>\n<p><img loading=\"lazy\" class=\"size-medium wp-image-2027 alignleft\" src=\"https:\/\/popcorn-english.com\/wp-content\/uploads\/2024\/11\/Summer-Camp-20244-576x768.jpg\" alt=\"\" width=\"576\" height=\"768\" srcset=\"https:\/\/popcorn-english.com\/wp-content\/uploads\/2024\/11\/Summer-Camp-20244-576x768.jpg 576w, https:\/\/popcorn-english.com\/wp-content\/uploads\/2024\/11\/Summer-Camp-20244-768x1024.jpg 768w, https:\/\/popcorn-english.com\/wp-content\/uploads\/2024\/11\/Summer-Camp-20244-1152x1536.jpg 1152w, https:\/\/popcorn-english.com\/wp-content\/uploads\/2024\/11\/Summer-Camp-20244.jpg 1200w\" sizes=\"(max-width: 576px) 100vw, 576px\" \/><\/p>\n<p>&nbsp;<\/p>\n<p>&nbsp;<\/p>\n<p>&nbsp;<\/p>\n<p>&nbsp;<\/p>\n<p>&nbsp;<\/p>\n<p>&nbsp;<\/p>\n<p>&nbsp;<\/p>\n<p>&nbsp;<\/p>\n<p>&nbsp;<\/p>\n<p>&nbsp;<\/p>\n<p>&nbsp;<\/p>\n<p>&nbsp;<\/p>\n<p>&nbsp;<\/p>\n<p>&nbsp;<\/p>\n<p>&nbsp;<\/p>\n<p>&nbsp;<\/p>\n<p>&nbsp;<\/p>\n<p>&nbsp;<\/p>\n<p>&nbsp;<\/p>\n<p>&nbsp;<\/p>\n<p><img loading=\"lazy\" class=\" wp-image-2013 alignleft\" src=\"https:\/\/popcorn-english.com\/wp-content\/uploads\/2024\/11\/popcorn-English-576x768.jpeg\" alt=\"\" width=\"526\" height=\"701\" srcset=\"https:\/\/popcorn-english.com\/wp-content\/uploads\/2024\/11\/popcorn-English-576x768.jpeg 576w, https:\/\/popcorn-english.com\/wp-content\/uploads\/2024\/11\/popcorn-English-768x1024.jpeg 768w, https:\/\/popcorn-english.com\/wp-content\/uploads\/2024\/11\/popcorn-English-1152x1536.jpeg 1152w, https:\/\/popcorn-english.com\/wp-content\/uploads\/2024\/11\/popcorn-English.jpeg 1536w\" sizes=\"(max-width: 526px) 100vw, 526px\" \/><\/p>\n<p>&nbsp;<\/p>\n<p>&nbsp;<\/p>\n<p>&nbsp;<\/p>\n<p>&nbsp;<\/p>\n<p>&nbsp;<\/p>\n<p>&nbsp;<\/p>\n<p>&nbsp;<\/p>\n<p>&nbsp;<\/p>\n<p>&nbsp;<\/p>\n<p>&nbsp;<\/p>\n<p>&nbsp;<\/p>\n<p>&nbsp;<\/p>\n<p>&nbsp;<\/p>\n<p>&nbsp;<\/p>\n<p>&nbsp;<\/p>\n<p>&nbsp;<\/p>\n<p>&nbsp;<\/p>\n<p>&nbsp;<\/p>\n<p><img loading=\"lazy\" class=\" wp-image-2015 alignleft\" src=\"https:\/\/popcorn-english.com\/wp-content\/uploads\/2024\/11\/Sport-1-576x768.jpg\" alt=\"\" width=\"494\" height=\"659\" srcset=\"https:\/\/popcorn-english.com\/wp-content\/uploads\/2024\/11\/Sport-1-576x768.jpg 576w, https:\/\/popcorn-english.com\/wp-content\/uploads\/2024\/11\/Sport-1-768x1024.jpg 768w, https:\/\/popcorn-english.com\/wp-content\/uploads\/2024\/11\/Sport-1-1152x1536.jpg 1152w, https:\/\/popcorn-english.com\/wp-content\/uploads\/2024\/11\/Sport-1.jpg 1200w\" sizes=\"(max-width: 494px) 100vw, 494px\" \/><\/p>\n<p>&nbsp;<\/p>\n<p>&nbsp;<\/p>\n<div><\/div>\n<div><\/div>\n<div>\n<h3><\/h3>\n<h3><\/h3>\n<h3><\/h3>\n<h3><\/h3>\n<h3><\/h3>\n<h3><\/h3>\n<h3><\/h3>\n<h3><\/h3>\n<h3><\/h3>\n<h3><\/h3>\n<h3><\/h3>\n<\/div>\n<p>&nbsp;<\/p>\n<p><img loading=\"lazy\" class=\" wp-image-1964 alignleft\" src=\"https:\/\/popcorn-english.com\/wp-content\/uploads\/2024\/09\/WhatsApp-Image-2024-09-23-at-09.43.36-576x768.jpeg\" alt=\"\" width=\"512\" height=\"683\" srcset=\"https:\/\/popcorn-english.com\/wp-content\/uploads\/2024\/09\/WhatsApp-Image-2024-09-23-at-09.43.36-576x768.jpeg 576w, https:\/\/popcorn-english.com\/wp-content\/uploads\/2024\/09\/WhatsApp-Image-2024-09-23-at-09.43.36-768x1024.jpeg 768w, https:\/\/popcorn-english.com\/wp-content\/uploads\/2024\/09\/WhatsApp-Image-2024-09-23-at-09.43.36-1152x1536.jpeg 1152w, https:\/\/popcorn-english.com\/wp-content\/uploads\/2024\/09\/WhatsApp-Image-2024-09-23-at-09.43.36.jpeg 1200w\" sizes=\"(max-width: 512px) 100vw, 512px\" \/><\/p>\n<div>\n<h3 style=\"text-align: left;\"><\/h3>\n<h3><img loading=\"lazy\" class=\" wp-image-1975 alignleft\" src=\"https:\/\/popcorn-english.com\/wp-content\/uploads\/2024\/10\/WhatsApp-Image-2024-10-17-at-10.15.41-576x768.jpeg\" alt=\"\" width=\"472\" height=\"629\" srcset=\"https:\/\/popcorn-english.com\/wp-content\/uploads\/2024\/10\/WhatsApp-Image-2024-10-17-at-10.15.41-576x768.jpeg 576w, https:\/\/popcorn-english.com\/wp-content\/uploads\/2024\/10\/WhatsApp-Image-2024-10-17-at-10.15.41-768x1024.jpeg 768w, https:\/\/popcorn-english.com\/wp-content\/uploads\/2024\/10\/WhatsApp-Image-2024-10-17-at-10.15.41-1152x1536.jpeg 1152w, https:\/\/popcorn-english.com\/wp-content\/uploads\/2024\/10\/WhatsApp-Image-2024-10-17-at-10.15.41.jpeg 1200w\" sizes=\"(max-width: 472px) 100vw, 472px\" \/><\/h3>\n<h3><\/h3>\n<h3><\/h3>\n<h3><\/h3>\n<h3><\/h3>\n<h3><\/h3>\n<h3><\/h3>\n<h3><\/h3>\n<h3><\/h3>\n<h3><\/h3>\n<h3><\/h3>\n<h3><\/h3>\n<h3><\/h3>\n<h3><\/h3>\n<h3><\/h3>\n<h3><a href=\"https:\/\/popcorn-english.com\/it\/eventi\/\"><span style=\"color: #ff6600;\">Clicca qui per scoprire tutti gli eventi in programma<\/span><\/a><\/h3>\n<\/div>\n","protected":false},"excerpt":{"rendered":"<p>Popcorn English: learn, grow, share Cos&#8217;\u00e8 importante per noi? &#8211; la crescita personale &#8211; il rispetto reciproco e della diversit\u00e0 &#8211; la consapevolezza ambientale &#8211; lo sviluppo delle capacit\u00e0 collaborative: aiutare gli altri! &#8211; il consolidamento dell&#8217;autostima e della fiducia nelle proprie potenzialit\u00e0 Durante le giornate di camp potrai: &#8211; fare nuove amicizie &#8211; partecipare [&hellip;]<\/p>\n","protected":false},"author":2,"featured_media":0,"parent":100,"menu_order":0,"comment_status":"closed","ping_status":"closed","template":"","meta":[],"yoast_head":"<!-- This site is optimized with the Yoast SEO plugin v15.2.1 - https:\/\/yoast.com\/wordpress\/plugins\/seo\/ -->\n<title>Popcorn English Camp | Pop Corn English<\/title>\n<meta name=\"robots\" content=\"index, follow, max-snippet:-1, max-image-preview:large, max-video-preview:-1\" \/>\n<link rel=\"canonical\" href=\"https:\/\/popcorn-english.com\/it\/cosa-facciamo\/popcornenglish-camp\/\" \/>\n<meta property=\"og:locale\" content=\"it_IT\" \/>\n<meta property=\"og:type\" content=\"article\" \/>\n<meta property=\"og:title\" content=\"Popcorn English Camp | Pop Corn English\" \/>\n<meta property=\"og:description\" content=\"Popcorn English: learn, grow, share Cos&#8217;\u00e8 importante per noi? &#8211; la crescita personale &#8211; il rispetto reciproco e della diversit\u00e0 &#8211; la consapevolezza ambientale &#8211; lo sviluppo delle capacit\u00e0 collaborative: aiutare gli altri! &#8211; il consolidamento dell&#8217;autostima e della fiducia nelle proprie potenzialit\u00e0 Durante le giornate di camp potrai: &#8211; fare nuove amicizie &#8211; partecipare [&hellip;]\" \/>\n<meta property=\"og:url\" content=\"https:\/\/popcorn-english.com\/it\/cosa-facciamo\/popcornenglish-camp\/\" \/>\n<meta property=\"og:site_name\" content=\"Pop Corn English\" \/>\n<meta property=\"article:modified_time\" content=\"2025-03-26T13:38:42+00:00\" \/>\n<meta property=\"og:image\" content=\"https:\/\/popcorn-english.com\/wp-content\/uploads\/2024\/11\/Summer-Camp-20244-576x768.jpg\" \/>\n<meta name=\"twitter:card\" content=\"summary_large_image\" \/>\n<meta name=\"twitter:label1\" content=\"Scritto da\">\n\t<meta name=\"twitter:data1\" content=\"Vanessa Digoncelli\">\n\t<meta name=\"twitter:label2\" content=\"Tempo di lettura stimato\">\n\t<meta name=\"twitter:data2\" content=\"1 minuto\">\n<script type=\"application\/ld+json\" class=\"yoast-schema-graph\">{\"@context\":\"https:\/\/schema.org\",\"@graph\":[{\"@type\":\"WebSite\",\"@id\":\"https:\/\/popcorn-english.com\/it\/#website\",\"url\":\"https:\/\/popcorn-english.com\/it\/\",\"name\":\"Popcorn English\",\"description\":\"Lezioni per bambini, adulti e aziende. Camp estivi e gite alla scoperta del Ticino. Servizio di babysitting didattico, doposcuola\\u2026 e tanto altro!\",\"potentialAction\":[{\"@type\":\"SearchAction\",\"target\":\"https:\/\/popcorn-english.com\/it\/?s={search_term_string}\",\"query-input\":\"required name=search_term_string\"}],\"inLanguage\":\"it-IT\"},{\"@type\":\"ImageObject\",\"@id\":\"https:\/\/popcorn-english.com\/it\/cosa-facciamo\/popcornenglish-camp\/#primaryimage\",\"inLanguage\":\"it-IT\",\"url\":\"https:\/\/popcorn-english.com\/wp-content\/uploads\/2024\/11\/Summer-Camp-20244.jpg\",\"width\":1200,\"height\":1600},{\"@type\":\"WebPage\",\"@id\":\"https:\/\/popcorn-english.com\/it\/cosa-facciamo\/popcornenglish-camp\/#webpage\",\"url\":\"https:\/\/popcorn-english.com\/it\/cosa-facciamo\/popcornenglish-camp\/\",\"name\":\"Popcorn English Camp | Pop Corn English\",\"isPartOf\":{\"@id\":\"https:\/\/popcorn-english.com\/it\/#website\"},\"primaryImageOfPage\":{\"@id\":\"https:\/\/popcorn-english.com\/it\/cosa-facciamo\/popcornenglish-camp\/#primaryimage\"},\"datePublished\":\"2020-11-23T17:39:59+00:00\",\"dateModified\":\"2025-03-26T13:38:42+00:00\",\"inLanguage\":\"it-IT\",\"potentialAction\":[{\"@type\":\"ReadAction\",\"target\":[\"https:\/\/popcorn-english.com\/it\/cosa-facciamo\/popcornenglish-camp\/\"]}]}]}<\/script>\n<!-- \/ Yoast SEO plugin. -->","_links":{"self":[{"href":"https:\/\/popcorn-english.com\/it\/wp-json\/wp\/v2\/pages\/393\/"}],"collection":[{"href":"https:\/\/popcorn-english.com\/it\/wp-json\/wp\/v2\/pages\/"}],"about":[{"href":"https:\/\/popcorn-english.com\/it\/wp-json\/wp\/v2\/types\/page\/"}],"author":[{"embeddable":true,"href":"https:\/\/popcorn-english.com\/it\/wp-json\/wp\/v2\/users\/2\/"}],"replies":[{"embeddable":true,"href":"https:\/\/popcorn-english.com\/it\/wp-json\/wp\/v2\/comments\/?post=393"}],"version-history":[{"count":35,"href":"https:\/\/popcorn-english.com\/it\/wp-json\/wp\/v2\/pages\/393\/revisions\/"}],"predecessor-version":[{"id":2060,"href":"https:\/\/popcorn-english.com\/it\/wp-json\/wp\/v2\/pages\/393\/revisions\/2060\/"}],"up":[{"embeddable":true,"href":"https:\/\/popcorn-english.com\/it\/wp-json\/wp\/v2\/pages\/100\/"}],"wp:attachment":[{"href":"https:\/\/popcorn-english.com\/it\/wp-json\/wp\/v2\/media\/?parent=393"}],"curies":[{"name":"wp","href":"https:\/\/api.w.org\/{rel}","templated":true}]}}