{"id":432,"date":"2020-12-03T18:48:43","date_gmt":"2020-12-03T17:48:43","guid":{"rendered":"https:\/\/popcorn-english.com\/?page_id=432"},"modified":"2023-09-05T09:25:33","modified_gmt":"2023-09-05T07:25:33","slug":"corsi-di-inglese","status":"publish","type":"page","link":"https:\/\/popcorn-english.com\/it\/cosa-facciamo\/corsi-di-inglese\/","title":{"rendered":"Corsi di inglese"},"content":{"rendered":"<h2>Lezioni e corsi privati o di gruppo per tutte le et\u00e0: a domicilio oppure online<\/h2>\n<p><strong>Bambini 3 &#8211; 5 anni:<\/strong><\/p>\n<ul>\n<li>Canzoni, primi suoni e prime storie.<\/li>\n<\/ul>\n<p>Un bambino impara una lingua straniera pi\u00f9 velocemente se siamo in grado di coinvolgere tutti i suoi sensi durante l&#8217;insegnamento. Non \u00e8 importante solo l\u2019udito, bens\u00ec anche la vista, il tatto, afferrare con le mani e percepire i movimenti. Tutto ci\u00f2 ha un ruolo fondamentale nello sviluppo delle facolt\u00e0 mentali di tuo figlio: la memoria, l&#8217;immaginazione, la volont\u00e0 etc. Molti studi hanno dimostrato che, grazie a una maggiore elasticit\u00e0 celebrale, un bambino di 3 anni apprende con maggior fluidit\u00e0 e velocit\u00e0 i suoni di una lingua straniera rispetto a un bambino di 10 anni. Per questo motivo riteniamo che sia importante essere esposti all&#8217;inglese\u00a0sin da piccoli.<\/p>\n<p>Tra i diversi metodi studiati e sperimentati, Popcorn English sceglie di utilizzare Jolly Phonics, un metodo multisensoriale e coinvolgente per tuo figlio, considerato il pi\u00f9 adatto per l&#8217;apprendimento della lingua inglese. Jolly Phonics \u00e8 ben strutturato e garantisce risultati duraturi. Vorresti sapere di pi\u00f9 su?<span style=\"color: #000000;\"> <span style=\"color: #ff6600;\"><a style=\"color: #ff6600;\" href=\"https:\/\/popcorn-english.com\/it\/il-metodo\/il-metodo-jolly-phonics\/\" target=\"_blank\" rel=\"noopener\"><b>Clicca qui.<\/b><\/a><\/span><\/span><\/p>\n<p>&nbsp;<\/p>\n<p><strong>Bambini 6 &#8211; 10 anni:<\/strong><\/p>\n<ul>\n<li>Imparare a leggere e scrivere in inglese: dalle prime parole a un racconto.<\/li>\n<\/ul>\n<p>Imparare a leggere, <em>reading<\/em>, \u00e8 il tuo modo di scoprire e conoscere il mondo. Imparare a scrivere, <em>writing<\/em>, \u00e8 il tuo modo di comunicare con il mondo. Queste competenze linguistiche permetteranno a tuo figlio di padroneggiare l\u2019inglese sin dalla scuola elementare. Saper leggere e scrivere in una lingua straniera rappresenta anche un tesoro per il suo futuro. Il valore di questo tesoro cresce con il crescere delle conoscenze e delle esperienze. Grazie a Jolly Phonics il bambino riceve ancora gli strumenti di cui ha bisogno ma, con il tempo, imparer\u00e0 a leggere e scrivere autonomamente in modo chiaro ed espressivo.<\/p>\n<p>&nbsp;<\/p>\n<h3><span style=\"color: #000000;\"><img loading=\"lazy\" class=\"alignnone size-medium wp-image-451\" src=\"https:\/\/popcorn-english.com\/wp-content\/uploads\/2020\/12\/93317961-0402-423f-a58d-915041e6659b-576x768.jpg\" alt=\"\" width=\"576\" height=\"768\" \/><\/span><\/h3>\n<h3><\/h3>\n<p><strong>Ragazzi 11 &#8211; 20 anni:<\/strong><\/p>\n<ul>\n<li>Lezioni interattive, aiuto compiti e preparazione certificazioni linguistiche Cambridge ESOL e IELTS.<\/li>\n<\/ul>\n<p>Sapersi esprimere in una lingua straniera rappresenta un vantaggio inestimabile per il tuo futuro. La maggior parte dei datori di lavoro nel 2021 richiede un ottimo livello di conoscenza dell&#8217;inglese scritto e parlato. Se desideri studiare o vivere all&#8217;estero oppure sogni di viaggiare con lo zaino in spalla avrai bisogno di una certa padronanza della lingua inglese.<\/p>\n<p>Offriamo lezioni individuali o di gruppo, tailor made a seconda delle tue necessit\u00e0 e del tempo che puoi dedicare allo studio.<\/p>\n<p>&nbsp;<\/p>\n<h3><span style=\"color: #000000;\"><img loading=\"lazy\" class=\"alignnone size-medium wp-image-580\" src=\"https:\/\/popcorn-english.com\/wp-content\/uploads\/2020\/12\/jeswin-thomas-8nHQx4zi9Wk-unsplash-768x512.jpg\" alt=\"\" width=\"768\" height=\"512\" srcset=\"https:\/\/popcorn-english.com\/wp-content\/uploads\/2020\/12\/jeswin-thomas-8nHQx4zi9Wk-unsplash-768x512.jpg 768w, https:\/\/popcorn-english.com\/wp-content\/uploads\/2020\/12\/jeswin-thomas-8nHQx4zi9Wk-unsplash-1024x683.jpg 1024w, https:\/\/popcorn-english.com\/wp-content\/uploads\/2020\/12\/jeswin-thomas-8nHQx4zi9Wk-unsplash-1536x1024.jpg 1536w, https:\/\/popcorn-english.com\/wp-content\/uploads\/2020\/12\/jeswin-thomas-8nHQx4zi9Wk-unsplash-2048x1365.jpg 2048w\" sizes=\"(max-width: 768px) 100vw, 768px\" \/><\/span><\/h3>\n<h3><\/h3>\n<p><span style=\"color: #000000;\"><strong>Adulti:<\/strong><\/span><\/p>\n<ul>\n<li>per passione o per il piacere di perfezionare una lingua imparata tanti anni fa.<\/li>\n<\/ul>\n<p>Che sia per hobby, per viaggiare o per un nuovo lavoro, possiamo individuare un percorso personalizzato per te.<\/p>\n<p>Ecco perch\u00e9 pi\u00f9 di 3000 persone, adulti e bambini, in Ticino hanno fatto lezione con Popcorn English dal 2020 al 2023:<\/p>\n<ul>\n<li>Potrai finalmente migliorare la tua pronuncia<\/li>\n<li>Lezioni in base al tuo livello di partenza (beginner, elementary, intermediate, advanced)<\/li>\n<li>Lezioni quando e dove vuoi tu: in pausa pranzo, in ufficio, via Zoom, prima o dopo il lavoro<\/li>\n<li>Aiuto nella preparazione di meeting aziendali o public speaking<\/li>\n<\/ul>\n<div dir=\"ltr\">\n<div><\/div>\n<div>I corsi possono essere individuali o di gruppo e svolgersi <strong>in presenza oppure online<\/strong>.<\/div>\n<div>\n<p>L&#8217;aspetto pi\u00f9 importante \u00e8 senz&#8217;altro capire subito qual \u00e8 la tua motivazione e quali sono i tuoi obiettivi. Per saperne di pi\u00f9,<span style=\"color: #000000;\"> <span style=\"color: #ff6600;\"><strong style=\"color: #ff6600;\"><a style=\"color: #ff6600;\" href=\"https:\/\/popcorn-english.com\/it\/contatti\">clicca qui.<\/a><\/strong><\/span><\/span><\/p>\n<\/div>\n<\/div>\n","protected":false},"excerpt":{"rendered":"<p>Lezioni e corsi privati o di gruppo per tutte le et\u00e0: a domicilio oppure online Bambini 3 &#8211; 5 anni: Canzoni, primi suoni e prime storie. Un bambino impara una lingua straniera pi\u00f9 velocemente se siamo in grado di coinvolgere tutti i suoi sensi durante l&#8217;insegnamento. Non \u00e8 importante solo l\u2019udito, bens\u00ec anche la vista, [&hellip;]<\/p>\n","protected":false},"author":1,"featured_media":0,"parent":100,"menu_order":0,"comment_status":"closed","ping_status":"closed","template":"","meta":[],"yoast_head":"<!-- This site is optimized with the Yoast SEO plugin v15.2.1 - https:\/\/yoast.com\/wordpress\/plugins\/seo\/ -->\n<title>Corsi di inglese | Pop Corn English<\/title>\n<meta name=\"robots\" content=\"index, follow, max-snippet:-1, max-image-preview:large, max-video-preview:-1\" \/>\n<link rel=\"canonical\" href=\"https:\/\/popcorn-english.com\/it\/cosa-facciamo\/corsi-di-inglese\/\" \/>\n<meta property=\"og:locale\" content=\"it_IT\" \/>\n<meta property=\"og:type\" content=\"article\" \/>\n<meta property=\"og:title\" content=\"Corsi di inglese | Pop Corn English\" \/>\n<meta property=\"og:description\" content=\"Lezioni e corsi privati o di gruppo per tutte le et\u00e0: a domicilio oppure online Bambini 3 &#8211; 5 anni: Canzoni, primi suoni e prime storie. Un bambino impara una lingua straniera pi\u00f9 velocemente se siamo in grado di coinvolgere tutti i suoi sensi durante l&#8217;insegnamento. Non \u00e8 importante solo l\u2019udito, bens\u00ec anche la vista, [&hellip;]\" \/>\n<meta property=\"og:url\" content=\"https:\/\/popcorn-english.com\/it\/cosa-facciamo\/corsi-di-inglese\/\" \/>\n<meta property=\"og:site_name\" content=\"Pop Corn English\" \/>\n<meta property=\"article:modified_time\" content=\"2023-09-05T07:25:33+00:00\" \/>\n<meta property=\"og:image\" content=\"https:\/\/popcorn-english.com\/wp-content\/uploads\/2020\/12\/93317961-0402-423f-a58d-915041e6659b-576x768.jpg\" \/>\n<meta name=\"twitter:card\" content=\"summary_large_image\" \/>\n<meta name=\"twitter:label1\" content=\"Scritto da\">\n\t<meta name=\"twitter:data1\" content=\"Simone Nolgo\">\n\t<meta name=\"twitter:label2\" content=\"Tempo di lettura stimato\">\n\t<meta name=\"twitter:data2\" content=\"2 minuti\">\n<script type=\"application\/ld+json\" class=\"yoast-schema-graph\">{\"@context\":\"https:\/\/schema.org\",\"@graph\":[{\"@type\":\"WebSite\",\"@id\":\"https:\/\/popcorn-english.com\/it\/#website\",\"url\":\"https:\/\/popcorn-english.com\/it\/\",\"name\":\"Popcorn English\",\"description\":\"Lezioni per bambini, adulti e aziende. Camp estivi e gite alla scoperta del Ticino. Servizio di babysitting didattico, doposcuola\\u2026 e tanto altro!\",\"potentialAction\":[{\"@type\":\"SearchAction\",\"target\":\"https:\/\/popcorn-english.com\/it\/?s={search_term_string}\",\"query-input\":\"required name=search_term_string\"}],\"inLanguage\":\"it-IT\"},{\"@type\":\"ImageObject\",\"@id\":\"https:\/\/popcorn-english.com\/it\/cosa-facciamo\/corsi-di-inglese\/#primaryimage\",\"inLanguage\":\"it-IT\",\"url\":\"https:\/\/popcorn-english.com\/wp-content\/uploads\/2020\/12\/93317961-0402-423f-a58d-915041e6659b-576x768.jpg\"},{\"@type\":\"WebPage\",\"@id\":\"https:\/\/popcorn-english.com\/it\/cosa-facciamo\/corsi-di-inglese\/#webpage\",\"url\":\"https:\/\/popcorn-english.com\/it\/cosa-facciamo\/corsi-di-inglese\/\",\"name\":\"Corsi di inglese | Pop Corn English\",\"isPartOf\":{\"@id\":\"https:\/\/popcorn-english.com\/it\/#website\"},\"primaryImageOfPage\":{\"@id\":\"https:\/\/popcorn-english.com\/it\/cosa-facciamo\/corsi-di-inglese\/#primaryimage\"},\"datePublished\":\"2020-12-03T17:48:43+00:00\",\"dateModified\":\"2023-09-05T07:25:33+00:00\",\"inLanguage\":\"it-IT\",\"potentialAction\":[{\"@type\":\"ReadAction\",\"target\":[\"https:\/\/popcorn-english.com\/it\/cosa-facciamo\/corsi-di-inglese\/\"]}]}]}<\/script>\n<!-- \/ Yoast SEO plugin. -->","_links":{"self":[{"href":"https:\/\/popcorn-english.com\/it\/wp-json\/wp\/v2\/pages\/432\/"}],"collection":[{"href":"https:\/\/popcorn-english.com\/it\/wp-json\/wp\/v2\/pages\/"}],"about":[{"href":"https:\/\/popcorn-english.com\/it\/wp-json\/wp\/v2\/types\/page\/"}],"author":[{"embeddable":true,"href":"https:\/\/popcorn-english.com\/it\/wp-json\/wp\/v2\/users\/1\/"}],"replies":[{"embeddable":true,"href":"https:\/\/popcorn-english.com\/it\/wp-json\/wp\/v2\/comments\/?post=432"}],"version-history":[{"count":56,"href":"https:\/\/popcorn-english.com\/it\/wp-json\/wp\/v2\/pages\/432\/revisions\/"}],"predecessor-version":[{"id":1786,"href":"https:\/\/popcorn-english.com\/it\/wp-json\/wp\/v2\/pages\/432\/revisions\/1786\/"}],"up":[{"embeddable":true,"href":"https:\/\/popcorn-english.com\/it\/wp-json\/wp\/v2\/pages\/100\/"}],"wp:attachment":[{"href":"https:\/\/popcorn-english.com\/it\/wp-json\/wp\/v2\/media\/?parent=432"}],"curies":[{"name":"wp","href":"https:\/\/api.w.org\/{rel}","templated":true}]}}