{"id":495,"date":"2020-12-06T15:46:17","date_gmt":"2020-12-06T14:46:17","guid":{"rendered":"https:\/\/popcorn-english.com\/?page_id=495"},"modified":"2021-04-05T13:26:45","modified_gmt":"2021-04-05T11:26:45","slug":"business-english","status":"publish","type":"page","link":"https:\/\/popcorn-english.com\/it\/cosa-facciamo\/business-english\/","title":{"rendered":"Business English"},"content":{"rendered":"<h2>Il tuo English coach: per un meeting, una presentazione aziendale o la prossima conferenza.<\/h2>\n<p>&nbsp;<\/p>\n<div><em>\u00abUna comunicazione efficace \u00e8 fatta dal 20% di ci\u00f2 che sai e dall\u201980% di ci\u00f2 che provi rispetto a ci\u00f2 che sai.\u00bb<\/em>\u00a0Jim Rohn<\/div>\n<div><\/div>\n<div>In un mondo sempre pi\u00f9 globalizzato e competitivo, i talenti e le competenze di ognuno non potranno pi\u00f9 prescindere dalla conoscenza approfondita di una lingua straniera e, come \u00e8 facile intuire, in tutto ci\u00f2 l\u2019inglese avr\u00e0 un ruolo centrale e fondamentale.<\/div>\n<div><\/div>\n<div>E&#8217; per questo motivo che sempre pi\u00f9 professionisti, manager, dirigenti, piccoli e grandi aziende in Ticino si rivolgono a Popcorn English per un percorso personalizzato o per una consulenza specifica.<\/div>\n<div>Ecco quello che possiamo fare per te e con te:<\/div>\n<div>\n<ul>\n<li>Il tuo English coach: per preparare un meeting, una presentazione aziendale o la prossima conferenza.<\/li>\n<li>Corsi o lezioni individuali o di gruppo<\/li>\n<li>Traduzioni, revisione di testi e comunicazioni aziendali (interne \/ esterne)<\/li>\n<li>Redazione di testi pubblicitari, correzione bozze, copyright, e comunicazione sui social media.<\/li>\n<\/ul>\n<div>\n<p>I corsi di inglese possono essere svolti in presenza oppure online in pieno rispetto delle normative vigenti in tema di distanziamento sociale.<\/p>\n<\/div>\n<\/div>\n<p>Per capire subito qual \u00e8 la tua motivazione e quali sono i tuoi obiettivi, ti offriamo un primo incontro e assessment di 30 minuti gratuito e senza impegno (di persona oppure via Zoom). Per saperne di pi\u00f9, <span style=\"color: #ff6600;\"><a style=\"color: #ff6600;\" href=\"https:\/\/popcorn-english.com\/it\/contatti\"><strong>clicca qui.<\/strong><\/a><\/span><\/p>\n","protected":false},"excerpt":{"rendered":"<p>Il tuo English coach: per un meeting, una presentazione aziendale o la prossima conferenza. &nbsp; \u00abUna comunicazione efficace \u00e8 fatta dal 20% di ci\u00f2 che sai e dall\u201980% di ci\u00f2 che provi rispetto a ci\u00f2 che sai.\u00bb\u00a0Jim Rohn In un mondo sempre pi\u00f9 globalizzato e competitivo, i talenti e le competenze di ognuno non potranno [&hellip;]<\/p>\n","protected":false},"author":2,"featured_media":0,"parent":100,"menu_order":0,"comment_status":"closed","ping_status":"closed","template":"","meta":[],"yoast_head":"<!-- This site is optimized with the Yoast SEO plugin v15.2.1 - https:\/\/yoast.com\/wordpress\/plugins\/seo\/ -->\n<title>Business English | Pop Corn English<\/title>\n<meta name=\"robots\" content=\"index, follow, max-snippet:-1, max-image-preview:large, max-video-preview:-1\" \/>\n<link rel=\"canonical\" href=\"https:\/\/popcorn-english.com\/it\/cosa-facciamo\/business-english\/\" \/>\n<meta property=\"og:locale\" content=\"it_IT\" \/>\n<meta property=\"og:type\" content=\"article\" \/>\n<meta property=\"og:title\" content=\"Business English | Pop Corn English\" \/>\n<meta property=\"og:description\" content=\"Il tuo English coach: per un meeting, una presentazione aziendale o la prossima conferenza. &nbsp; \u00abUna comunicazione efficace \u00e8 fatta dal 20% di ci\u00f2 che sai e dall\u201980% di ci\u00f2 che provi rispetto a ci\u00f2 che sai.\u00bb\u00a0Jim Rohn In un mondo sempre pi\u00f9 globalizzato e competitivo, i talenti e le competenze di ognuno non potranno [&hellip;]\" \/>\n<meta property=\"og:url\" content=\"https:\/\/popcorn-english.com\/it\/cosa-facciamo\/business-english\/\" \/>\n<meta property=\"og:site_name\" content=\"Pop Corn English\" \/>\n<meta property=\"article:modified_time\" content=\"2021-04-05T11:26:45+00:00\" \/>\n<meta name=\"twitter:card\" content=\"summary_large_image\" \/>\n<meta name=\"twitter:label1\" content=\"Scritto da\">\n\t<meta name=\"twitter:data1\" content=\"Vanessa Digoncelli\">\n\t<meta name=\"twitter:label2\" content=\"Tempo di lettura stimato\">\n\t<meta name=\"twitter:data2\" content=\"1 minuto\">\n<script type=\"application\/ld+json\" class=\"yoast-schema-graph\">{\"@context\":\"https:\/\/schema.org\",\"@graph\":[{\"@type\":\"WebSite\",\"@id\":\"https:\/\/popcorn-english.com\/it\/#website\",\"url\":\"https:\/\/popcorn-english.com\/it\/\",\"name\":\"Popcorn English\",\"description\":\"Lezioni per bambini, adulti e aziende. Camp estivi e gite alla scoperta del Ticino. Servizio di babysitting didattico, doposcuola\\u2026 e tanto altro!\",\"potentialAction\":[{\"@type\":\"SearchAction\",\"target\":\"https:\/\/popcorn-english.com\/it\/?s={search_term_string}\",\"query-input\":\"required name=search_term_string\"}],\"inLanguage\":\"it-IT\"},{\"@type\":\"WebPage\",\"@id\":\"https:\/\/popcorn-english.com\/it\/cosa-facciamo\/business-english\/#webpage\",\"url\":\"https:\/\/popcorn-english.com\/it\/cosa-facciamo\/business-english\/\",\"name\":\"Business English | Pop Corn English\",\"isPartOf\":{\"@id\":\"https:\/\/popcorn-english.com\/it\/#website\"},\"datePublished\":\"2020-12-06T14:46:17+00:00\",\"dateModified\":\"2021-04-05T11:26:45+00:00\",\"inLanguage\":\"it-IT\",\"potentialAction\":[{\"@type\":\"ReadAction\",\"target\":[\"https:\/\/popcorn-english.com\/it\/cosa-facciamo\/business-english\/\"]}]}]}<\/script>\n<!-- \/ Yoast SEO plugin. -->","_links":{"self":[{"href":"https:\/\/popcorn-english.com\/it\/wp-json\/wp\/v2\/pages\/495\/"}],"collection":[{"href":"https:\/\/popcorn-english.com\/it\/wp-json\/wp\/v2\/pages\/"}],"about":[{"href":"https:\/\/popcorn-english.com\/it\/wp-json\/wp\/v2\/types\/page\/"}],"author":[{"embeddable":true,"href":"https:\/\/popcorn-english.com\/it\/wp-json\/wp\/v2\/users\/2\/"}],"replies":[{"embeddable":true,"href":"https:\/\/popcorn-english.com\/it\/wp-json\/wp\/v2\/comments\/?post=495"}],"version-history":[{"count":32,"href":"https:\/\/popcorn-english.com\/it\/wp-json\/wp\/v2\/pages\/495\/revisions\/"}],"predecessor-version":[{"id":592,"href":"https:\/\/popcorn-english.com\/it\/wp-json\/wp\/v2\/pages\/495\/revisions\/592\/"}],"up":[{"embeddable":true,"href":"https:\/\/popcorn-english.com\/it\/wp-json\/wp\/v2\/pages\/100\/"}],"wp:attachment":[{"href":"https:\/\/popcorn-english.com\/it\/wp-json\/wp\/v2\/media\/?parent=495"}],"curies":[{"name":"wp","href":"https:\/\/api.w.org\/{rel}","templated":true}]}}